{"id":43,"date":"2013-02-26T17:30:20","date_gmt":"2013-02-26T17:30:20","guid":{"rendered":"http:\/\/www.sadievrenseker.com\/wp\/wordpress\/?page_id=5"},"modified":"2023-10-08T07:19:11","modified_gmt":"2023-10-08T07:19:11","slug":"courses","status":"publish","type":"page","link":"https:\/\/sadievrenseker.com\/?page_id=43","title":{"rendered":"Courses"},"content":{"rendered":"<p>&nbsp;<\/p>\n<table border=\"0\" width=\"100%\" cellspacing=\"0\" cellpadding=\"0\">\n<tbody>\n<tr>\n<td>\n<ul>\n<li><a href=\"https:\/\/sadievrenseker.com\/?p=2503\">CMPE111, Introduction to Computer Science and Engineering,<\/a> Istanbul University, Computer Engineering, BSc. Program, Fall 2023<\/li>\n<li><a href=\"https:\/\/sadievrenseker.com\/?p=2384\">CS447, Introduction to Data Science<\/a>, Antalya University, Computer Science, BSc. Program, Fall 2022<\/li>\n<li><a href=\"https:\/\/sadievrenseker.com\/?p=2382\">CS441, Introduction to Artificial Intelligence<\/a>, Antalya University, Computer Science, BSc. Program, Fall 2022<\/li>\n<li><a href=\"https:\/\/sadievrenseker.com\/?page_id=2315\">ECE 550, Advanced Artificial Intelligence,<\/a> Antalya University, Computer Science MSc. Program, Spring 2022<\/li>\n<li><a href=\"https:\/\/sadievrenseker.com\/?page_id=2313\">DS 510, Introduction to Data Science<\/a>, Antalya University, Computer Science MSc. Program, Spring 2022<\/li>\n<li><a href=\"https:\/\/sadievrenseker.com\/?p=2307\">CS 441, Introduction to Artificial Intelligence<\/a>, Antalya University, Computer Science Program, Fall 2021<\/li>\n<li><a href=\"https:\/\/sadievrenseker.com\/?p=2309\">CS 447, Introduction to Data Science,<\/a> Antalya University, Computer Science Program, Fall 2021<\/li>\n<li><a href=\"https:\/\/sadievrenseker.com\/?p=2298\">DS 501, Introduction to Data Science<\/a>, Antalya Bilim University, Data Science MSc. Program, Spring 2021<\/li>\n<li><a href=\"https:\/\/sadievrenseker.com\/?p=2299\">ECE 550, Advanced Artificial Intelligence<\/a>, Antalya Bilim University, Electric and Computer Engineering Department (MSc. Program in English), Spring 2021<\/li>\n<li><a href=\"http:\/\/sadievrenseker.com\/?p=2284\">ECE 549, Advanced Data Science,<\/a> Antalya Bilim University,\u00a0<span style=\"font-family: inherit; font-size: inherit;\">Electric and Computer Engineering Department (M.Sc. Program in English),\u00a0<\/span><span style=\"font-family: inherit; font-size: inherit;\">Fall 2020<\/span><\/li>\n<li><a href=\"http:\/\/sadievrenseker.com\/?p=2278\">CS 441, Introduction to Artificial Intelligence<\/a>, Antalya Bilim University, Department of Computer Engineering, Fall 2020<\/li>\n<li><a href=\"http:\/\/sadievrenseker.com\/?page_id=2258\">CS362, Introduction to Artificial Intelligence<\/a>, Akdeniz University, Department of Computer Engineering, Spring 2020<\/li>\n<li><a href=\"http:\/\/sadievrenseker.com\/?page_id=2252\">CS447, Introduction to Data Science,<\/a> Antalya University, Department of Computer Engineering,Spring 2020<\/li>\n<li><a href=\"http:\/\/sadievrenseker.com\/?page_id=2240\">CS 441 , Introduction to Artificial Intelligence<\/a>, Antalya Bilim University, Department of Computer Engineering,Fall 2019<\/li>\n<li><a href=\"http:\/\/sadievrenseker.com\/?p=2158\">CS447, Introduction to Data Science<\/a>, Antalya Science University, Department of Computer Engineering,\u00a0Spring 2019<\/li>\n<li><a href=\"http:\/\/sadievrenseker.com\/?p=2127\">MBA 548, Business Analytics<\/a> , Istanbul City University, Fall 2018<\/li>\n<li><a href=\"http:\/\/sadievrenseker.com\/?p=2124\">IAN 502, Data Oriented Programming (Veri Odakl\u0131 Programlama),<\/a> Istanbul Sehir University, Business Analytics Master Program, Fall 2018<\/li>\n<li><a href=\"http:\/\/sadievrenseker.com\/?p=1990\">MGT 333, Management Information Systems,<\/a> Department of Management, Istanbul City University, Spring 2018<\/li>\n<li><a href=\"http:\/\/sadievrenseker.com\/?p=1988\">IAN 506, Uygulamal\u0131 \u0130leri \u0130\u015f Analiti\u011fi (Business Analytics Practicum)<\/a>, Istanbul City University, Business Analytics Master Program, Spring 2018<\/li>\n<li><a href=\"http:\/\/sadievrenseker.com\/?p=1624\">MBA 556, Business Data Analytics<\/a>, Istanbul City University, MBA Program, Fall 2017<\/li>\n<li><a href=\"http:\/\/sadievrenseker.com\/?p=1561\">IAN 502, Data Focused Programming, with Python (Veri Odakl\u0131 Programlama, Python ile)<\/a>, Istanbul Sehir University, Business Analytics Master Program, Fall 2017<\/li>\n<li><a href=\"http:\/\/sadievrenseker.com\/?page_id=1188\">CSC 360 Seminar: Mobile and Locative Computing<\/a>, Smith College, Department of Computer Science, Spring 2017<\/li>\n<li><a href=\"http:\/\/sadievrenseker.com\/?page_id=1185\">CSC 290 Introduction to Artificial Intelligence<\/a>, Smith College, Department of Computer Science, Spring 2017<\/li>\n<li><a href=\"http:\/\/sadievrenseker.com\/?page_id=1179\">CSC 102 How The Internet Works,<\/a> Smith College, Department of Computer Science, Spring 2017<\/li>\n<li><a href=\"http:\/\/sadievrenseker.com\/?page_id=634\">CSC226 Operating Systems,<\/a> Smith College, Department of Computer Science, Fall 2016<\/li>\n<li><a href=\"http:\/\/sadievrenseker.com\/?page_id=636\">CSC220 Advanced Programming Technique,<\/a> Smith College, Department of Computer Science, Fall 2016<\/li>\n<li><a href=\"http:\/\/sadievrenseker.com\/?page_id=631\">CSC102 How The Internet Works,<\/a> Smith College, Department of Computer Science, Fall 2016<\/li>\n<li><a href=\"http:\/\/sadievrenseker.com\/?p=596\">MGT 436, Entrepreneurship,<\/a> Istanbul Sehir University, Department of Business, Spring 2016<\/li>\n<li><a href=\"http:\/\/sadievrenseker.com\/?p=558\">Data Mining, Istanbul Commerce University,<\/a> Department of Computer Engineering, Fall 2015<\/li>\n<li><a href=\"http:\/\/sadievrenseker.com\/?p=559\">Enterprise Resource Planning, Istanbul Medeniyet University,<\/a> MSc. Program of Engineering Management, Fall 2015<\/li>\n<li>Management Information Systems, Istanbul Medeniyet University, MSc. Program of Engineering Management, Spring 2015<\/li>\n<li>Introduction to Finance and Investment Strategies, Istanbul Medeniyet University, Department of Economics, Spring 2015<\/li>\n<li><a href=\"http:\/\/sadievrenseker.com\/?p=458\">Introduction to Management<\/a>, Istanbul Medeniyet University, Spring 2015<\/li>\n<li><a href=\"http:\/\/sadievrenseker.com\/?p=458\">Y\u00f6netime Giri\u015f<\/a>, Istanbul Medeniyet University, Spring 2015<\/li>\n<li><a href=\"http:\/\/www.sadievrenseker.com\/wp\/?p=449\">Artificial Intelligence,<\/a> Istanbul Commerce University, Spring 2015<\/li>\n<li>Introduction to Programming, Fall 2015, AUM affiliated by Purdue University<\/li>\n<li>Introduction to Technology and Engineering Management, AUM affiliated by Purdue University<\/li>\n<li>Management Information Systems, Istanbul Medeniyet University University, Spring 2014<\/li>\n<li>Quality Management, Istanbul Medeniyet University University, Institute of Social Sciences, Spring 2014<\/li>\n<li>Quality Management, Istanbul Medeniyet University University, Institute of Social Sciences, Siyami Ersek University, Spring 2013<\/li>\n<li>Quality Management, Istanbul Medeniyet University University, Institute of Social Sciences, Uskudar Devlet Hastanesi, Spring 2013<\/li>\n<li>Strategic Management, Istanbul Medeniyet University University, Institute of Social Sciences, Spring 2013<\/li>\n<li>Strategic Management, Istanbul Medeniyet University University, Institute of Social Sciences, Fall 2013<\/li>\n<li>Strategic Management in Healthcare Organizations, Istanbul Medeniyet University University, Institute of Social Sciences, Siyami Ersek Hospital, Fall 2013<\/li>\n<li>Strategic Management in Healthcare Organizations, Istanbul Medeniyet University University, Institute of Social Sciences, Uskudar State Hospital, Fall 2013<\/li>\n<li>Introduction to Object Oriented Programming, Istanbul University, Distance Education Center, Industrial Engineering, Spring 2013<\/li>\n<li>Introduction to Object Oriented Programming, Istanbul University, Distance Education Center, Industrial Engineering, Spring 2013<\/li>\n<li>Introduction to Object Oriented Programming, Istanbul University, Distance Education Center, Industrial Engineering, Spring 2013<\/li>\n<li>Introduction to Object Oriented Programming, Istanbul University, Distance Education Center, Industrial Engineering, Spring 2013<\/li>\n<li>Introduction to Programming, Istanbul University, Distance Education Center, Industrial Engineering, Fall 2012<\/li>\n<li>Operating Systems , Istanbul University, Department of Computer Engineering, Spring 2012<\/li>\n<li>Object Oriented Programming, Istanbul University, Department of Computer Engineering, Spring 2012<\/li>\n<li>Quantum Computing, Istanbul University, Institute of Natural Sciences (MSc.), Spring 2012<\/li>\n<li>Computer Graphics ,Epoka University , Department of Computer Engineering, Spring 2012<\/li>\n<li>Compiler Design, Epoka University, Institute of Natural Sciences (MSc.), Spring 2012<\/li>\n<li>Compiler Design , Hava Harp Okulu, Department of Computer Engineering, Spring 2012<\/li>\n<li><a title=\"\" href=\"http:\/\/www.sadievrenseker.com\/compilerdesign\/\">Compiler Design\u00a0<\/a>(Derleyici Tasar\u0131m\u0131), Istanbul University department of computer engineering , Fall 2011<\/li>\n<li><a title=\"\" href=\"http:\/\/www.sadievrenseker.com\/avmyo\">Introduction to JAVA and Visual Programming Courses<\/a>, Computer Programming Department, Avrupa Meslek Y\u00fcksek Okulu , Fall 2011<\/li>\n<li>Artificial Intelligence, Computer Engineering Department, Hava Harp Okulu , Fall 2011<\/li>\n<li><a title=\"\" href=\"http:\/\/www.sadievrenseker.com\/searchengine\/\">Search Engine Design<\/a>, Computer Engineering Department, Istanbul University , Fall 2011<\/li>\n<li>Natural Language Processing, Graduate Course (FBE) Computer Engineering Department Istanbul University , Fall 2011<\/li>\n<li><a title=\"\" href=\"http:\/\/www.sadievrenseker.com\/crypto2\/\">Cryptography II<\/a>, Okan University, department of mathmetics. ,Spring 2011<\/li>\n<li><a title=\"\" href=\"http:\/\/www.sadievrenseker.com\/oop2011\">Object Oriented Programming<\/a>, Istanbul University, Department of computer Engineering ,Spring 2011<\/li>\n<li><a title=\"\" href=\"http:\/\/www.sadievrenseker.com\/bmg\/\">Introduction to Computer Science <\/a>(BMG), Istanbul University department of computer engineering,Spring 2011<\/li>\n<li><a title=\"\" href=\"http:\/\/www.sadievrenseker.com\/oop\">Object Oriented Programming<\/a> Concepts in Okan University, Department of Computer Engineering.2010<\/li>\n<li><a title=\"\" href=\"http:\/\/www.sadievrenseker.com\/crypto2010\">Cryptography<\/a> in Okan University, Department of Applied Mathmetics.2010<\/li>\n<li>Now instructing <a title=\"\" href=\"http:\/\/www.sadievrenseker.com\/blg101\">Introduction to Computers<\/a> in Okan University, Department of Industrial Engineering.2010<\/li>\n<li><a title=\"\" href=\"http:\/\/www.sadievrenseker.com\/progcon\">Programming Concepts<\/a> in Okan University, Vocational School2010<\/li>\n<li><a title=\"\" href=\"http:\/\/www.sadievrenseker.com\/blg101e\">Introduction to Computers<\/a> in Okan University, Department of Industrial Engineering (English)2010<\/li>\n<li><a title=\"\" href=\"http:\/\/www.sadievrenseker.com\/vg\/\">Cryptography<\/a> , Istanbul Commerce University, Department of Computer Engineering, 2010 Fall<\/li>\n<li><a title=\"\" href=\"http:\/\/www.sadievrenseker.com\/vy\/\">Data Structures<\/a> , Istanbul Commerce University, Department of Computer Engineering, 2010 Fall<\/li>\n<li><a href=\"http:\/\/www.sadievrenseker.com\/java\">JAVA Web<\/a> , GENC Dergi, Bili\u015fim Akademisi<\/li>\n<li><a href=\"http:\/\/www.sadievrenseker.com\/ant218\">ANT 218<\/a> , Yeditepe University, Department of Antropology (2009 Spring)<\/li>\n<li><a href=\"http:\/\/www.sadievrenseker.com\/datastr2009\">Introduction to Data Structures and Algorithms<\/a> , Istanbul Commerce University, Department of Computer Engineering (2009 Spring)<\/li>\n<li><a href=\"http:\/\/www.sadievrenseker.com\/crypto2009\">Introduction to Cryptopgraphy<\/a> , Istanbul Commerce University, Department of Computer Engineering (2009 Spring)<\/li>\n<li><a href=\"http:\/\/www.sadievrenseker.com\/es112\">Introduction to Programming with C<\/a> , Yeditepe University, Departments of Mechanical Engineering, System Engineering, Electics and Electronics Engineering, Biomedical Engineering, Physics, Mathmetics (2009 Spring)<\/li>\n<li><a href=\"http:\/\/www.sadievrenseker.com\/java\">JAVA<\/a> , (2008-2009)GENC Dergi, Bili\u015fim Akademisi<\/li>\n<li><a href=\"http:\/\/www.sadievrenseker.com\/ant217\">ANT 217<\/a> , (2008 Fall Yeditepe University, Department of Antropology)<\/li>\n<li><a href=\"http:\/\/www.sadievrenseker.com\/graf\">Introduction to Computer Graphics (Bilgisayar Grafi\u011fine Giri\u015f)<\/a> , (2008 Fall, Istanbul Commerce University, Department of Computer Engineering)<\/li>\n<li><a href=\"http:\/\/www.sadievrenseker.com\/prog\">Introduction to Programming (Programlamaya Giri\u015f)<\/a> , (2008 Fall, Istanbul Commerce University, Department of Computer Engineering)<\/li>\n<li><a href=\"http:\/\/www.sadievrenseker.com\/nn\">Introduction to Artificial Neural Networks (Yapay Sinir A\u011flar\u0131na Giri\u015f)<\/a> , (2008 Fall, Istanbul Commerce University, Department of Computer Engineering)<\/li>\n<li><a href=\"http:\/\/www.sadievrenseker.com\/datastr\">Data Structures and Algorithm Analysis<\/a> (2008 Spring Istanbul Commerce University)<\/li>\n<li><a href=\"http:\/\/www.sadievrenseker.com\/crypto\">Cryptography<\/a> (2008 Spring, Istanbul Commerce University)<\/li>\n<li><a href=\"http:\/\/www.sadievrenseker.com\/introc\">Introduction to C Programming<\/a> (2007, Okan University)<\/li>\n<li><a href=\"http:\/\/www.sadievrenseker.com\/c\">Advanced C Programming<\/a> (2007, Okan University)<\/li>\n<li><a href=\"http:\/\/www.sadievrenseker.com\/os\">Operating Systems<\/a> (2007, Istanbul Commerce University)<\/li>\n<li><a href=\"http:\/\/www.sadievrenseker.com\/electronics\">Introduction to Electornics<\/a> (2007, Istanbul Commerce University)<\/li>\n<li><a href=\"http:\/\/www.shedai.net\/java\/\" target=\"sadi\" rel=\"noopener\">Principles of Programming Languages <\/a>(2000-2004, Yeditepe University, Computer Science and Engineering Department)<\/li>\n<li><a href=\"http:\/\/www.shedai.net\/ai\/\" target=\"sadi\" rel=\"noopener\">Artificial Intelligence<\/a><\/li>\n<li><a href=\"http:\/\/www.shedai.net\/ics344\/\" target=\"sadi\" rel=\"noopener\">Software Engineering<\/a><\/li>\n<li><a href=\"http:\/\/www.shedai.net\/webdesign\/\" target=\"sadi\" rel=\"noopener\">Strategic Web Technologies(MBA)<\/a> (2004 Yeditepe University)<\/li>\n<\/ul>\n<\/td>\n<\/tr>\n<tr>\n<td>Old Links<\/td>\n<\/tr>\n<tr>\n<td>\n<ul>\n<li><a href=\"http:\/\/www.shedai.net\/cat100\/\" target=\"sadi\" rel=\"noopener\">CAT100<\/a><\/li>\n<li><a href=\"http:\/\/www.shedai.net\/java\">Java Homepage<\/a><\/li>\n<li><a href=\"http:\/\/www.shedai.net\/ics\/web-2111\/main1.html\">Data Structures (Ali Vahit)<\/a><\/li>\n<li><a href=\"http:\/\/www.shedai.net\/ics\/web-2112\/main1.html\">Data Structures (Ender Ozcan)<\/a><\/li>\n<li><a href=\"http:\/\/www.shedai.net\/ics\/web-311\/main1.html\">Theory of Algorithms<\/a><\/li>\n<\/ul>\n<\/td>\n<\/tr>\n<\/tbody>\n<\/table>\n","protected":false},"excerpt":{"rendered":"<p>&nbsp; CMPE111, Introduction to Computer Science and Engineering, Istanbul University, Computer Engineering, BSc. Program, Fall 2023 CS447, Introduction to Data Science, Antalya University, Computer Science, BSc. Program, Fall 2022 CS441, Introduction to Artificial Intelligence, Antalya University, Computer Science, BSc. Program, Fall 2022 ECE 550, Advanced Artificial Intelligence, Antalya University, Computer Science MSc. Program, Spring 2022 DS 510, Introduction to Data &hellip; <a href=\"https:\/\/sadievrenseker.com\/?page_id=43\">Continue Reading <span class=\"meta-nav\">&rarr;<\/span><\/a><\/p>\n","protected":false},"author":1,"featured_media":0,"parent":0,"menu_order":0,"comment_status":"closed","ping_status":"open","template":"","meta":{"footnotes":""},"class_list":["post-43","page","type-page","status-publish","hentry"],"_links":{"self":[{"href":"https:\/\/sadievrenseker.com\/index.php?rest_route=\/wp\/v2\/pages\/43","targetHints":{"allow":["GET"]}}],"collection":[{"href":"https:\/\/sadievrenseker.com\/index.php?rest_route=\/wp\/v2\/pages"}],"about":[{"href":"https:\/\/sadievrenseker.com\/index.php?rest_route=\/wp\/v2\/types\/page"}],"author":[{"embeddable":true,"href":"https:\/\/sadievrenseker.com\/index.php?rest_route=\/wp\/v2\/users\/1"}],"replies":[{"embeddable":true,"href":"https:\/\/sadievrenseker.com\/index.php?rest_route=%2Fwp%2Fv2%2Fcomments&post=43"}],"version-history":[{"count":36,"href":"https:\/\/sadievrenseker.com\/index.php?rest_route=\/wp\/v2\/pages\/43\/revisions"}],"predecessor-version":[{"id":2507,"href":"https:\/\/sadievrenseker.com\/index.php?rest_route=\/wp\/v2\/pages\/43\/revisions\/2507"}],"wp:attachment":[{"href":"https:\/\/sadievrenseker.com\/index.php?rest_route=%2Fwp%2Fv2%2Fmedia&parent=43"}],"curies":[{"name":"wp","href":"https:\/\/api.w.org\/{rel}","templated":true}]}}