{"id":266,"date":"2014-01-13T08:56:58","date_gmt":"2014-01-13T08:56:58","guid":{"rendered":"http:\/\/sadievrenseker.com\/wp\/?page_id=266"},"modified":"2025-10-18T04:08:58","modified_gmt":"2025-10-18T04:08:58","slug":"projects","status":"publish","type":"page","link":"https:\/\/sadievrenseker.com\/?page_id=266","title":{"rendered":"Projects"},"content":{"rendered":"<p><strong>Active research topics<\/strong><\/p>\n<table style=\"font-weight: 400;\" width=\"101%\">\n<tbody>\n<tr>\n<td width=\"10%\">HermAI <\/td>\n<td colspan=\"2\" width=\"39%\">Hermeneutic Explainable Artificial Intelligence<\/p>\n<p><a href=\"https:\/\/pypi.org\/project\/hermai\/\">https:\/\/pypi.org\/project\/hermai\/<\/a><\/td>\n<td width=\"50%\">Hermai is a Python library for explainable AI (XAI) that focuses on providing contextual, narrative, and actionable explanations for machine learning models. Inspired by hermeneutics, it aims to create a dialogue between the user and the model&#8217;s decision-making process.<br \/>\nProject is open source and the home page is :<br \/>\n<a href=\"https:\/\/github.com\/bilgisayarkavramlari\/hermai\">https:\/\/github.com\/bilgisayarkavramlari\/hermai<\/a>\n<\/td>\n<\/tr>\n<tr>\n<td width=\"10%\">CADelphi <\/td>\n<td colspan=\"2\" width=\"39%\">Computerized Argument Delphi<\/p>\n<p><a href=\"https:\/\/pypi.org\/project\/cadelphi\/\">https:\/\/pypi.org\/project\/cadelphi\/<\/a><\/td>\n<td width=\"50%\">cadelphi is a FastAPI-based toolkit for running Computerized Argument Delphi (CAD) sessions inspired by the methodology described in the IEEE paper Computerized Argument Delphi Method. The application collects arguments, walks participants through a structured three-step Likert voting flow, and provides an administrative console for monitoring discussions.<br \/>\nProject is open source and the home page is :<br \/>\n<a href=\"https:\/\/github.com\/bilgisayarkavramlari\/cadelphi\"> https:\/\/github.com\/bilgisayarkavramlari\/cadelphi <\/a>\n<\/td>\n<\/tr>\n<tr>\n<td width=\"10%\">Aug 2021 &#8211; Cont.<\/td>\n<td colspan=\"2\" width=\"39%\">Kolay.AI > Digital CEO<\/p>\n<p>Since May 2025 : <a href=\"https:\/\/aithink.com.tr\/\">https:\/\/aithink.com.tr\/<\/a><br \/>\nPrevious Project Web Page :<a href=\"http:\/\/www.kolay.ai\"> www.kolay.ai<\/a> or <a href=\"http:\/\/www.kolayai.com\">www.kolayai.com<\/a>\n<\/td>\n<td width=\"50%\">End to end data science package for SMEs. Project processes the e-invoice data and prepares useful insights and recommendation reports for the SMEs. Basically, the COTS, AI solution for SMEs with zero experience on machine learning. Project is built on top of previous projects like OptiMatcher, OptiSegment or OptiScorer and a new generation transformation of AnalytiXR.<br \/>\nProject is transformed into Digital CEO under the new startup AI-Think since May 2025.<br \/>\n<a href=\"https:\/\/aithink.com.tr\/\">https:\/\/aithink.com.tr\/<\/a>\n<\/td>\n<\/tr>\n<\/tbody>\n<\/table>\n<p><strong>Previous Projects<\/strong><\/p>\n<table style=\"font-weight: 400;\" width=\"101%\">\n<tbody>\n<tr>\n<td width=\"10%\">GTAI<\/td>\n<td colspan=\"2\" width=\"39%\">Global Trade AI<\/p>\n<p><a href=\"https:\/\/globaltradeai.com\">www.globaltradeai.com<\/a><\/td>\n<td width=\"50%\">AI based Lead generation platform, which collects on-demand leads from multiple web pages and social networks including job advertisements, geographical information systems, fair and conference web pages, catalogs, online databases etc.<\/p>\n<p>Project is seamlessly \u00a0integrated to the OptiCRM platform.<\/td>\n<\/tr>\n<tr>\n<td width=\"10%\">Dec 2023 -Jan 2024<\/td>\n<td colspan=\"2\" width=\"39%\">Turkcell, Generic Visual Front-end For AutoML engine<\/td>\n<td width=\"50%\">Visualization of Data Flow Diagram with multiple and multi type nodes and flow possibilities.<\/td>\n<\/tr>\n<tr>\n<td width=\"10%\">Jan 2023 \u2013 Oct. 2025<\/td>\n<td colspan=\"2\" width=\"39%\">Istanbul University Master Data Science Project<\/td>\n<td width=\"50%\">10 years logn generic project for data collection (including IoT and hybrid data sources), data manipulation (including data quality and enrichment studies), modeling (including statistical and machine learning models) and visualization.<\/td>\n<\/tr>\n<tr>\n<td width=\"10%\">Nov 2023 \u2013 Apr 2024<\/td>\n<td colspan=\"2\" width=\"39%\">Turkcell Gelecegi Yazanlar.<\/p>\n<p>Online training content with exams and vidoes<\/p>\n<p>&nbsp;<\/td>\n<td width=\"50%\">Introduction to Computer Science, Digitalisation and Philosophy of Digital Life. Training set about Digital Transformation and Innovation. <strong>Completed<\/strong><\/td>\n<\/tr>\n<tr>\n<td width=\"10%\">May 2022 \u2013 2024<\/td>\n<td colspan=\"2\" width=\"39%\">OptiCrawler<\/td>\n<td width=\"50%\">Web Crawling + Scrapping + Matching tool to gather data from any web source and merge the collected data with OptiMatcher AI-Engine. Current Projects:<\/p>\n<p>Turk Eczac\u0131lar\u0131 Birli\u011fi (Turkish Pharmacists Association), searching for illegal pharmacists actions on web. <strong>Completed, Project continues.<\/strong><\/td>\n<\/tr>\n<tr>\n<td width=\"10%\">May. 2022 \u2013 2024<\/td>\n<td colspan=\"2\" width=\"39%\">OptiCRM &#8211; BPM<\/td>\n<td width=\"50%\">Business Process Modeling and Customer Relationship Management project for foreign trade and customer matching. Preparing Spin-off with ODS Consulting Group. <strong>Completed Project Continues.<\/strong><\/td>\n<\/tr>\n<tr>\n<td width=\"10%\">2022 \u2013 2023.<\/td>\n<td colspan=\"2\" width=\"39%\">Sun Express.<\/td>\n<td width=\"50%\">As a part of digital transformation and smart innovation of all departments in the company, training of data scientist, data analyst, business analyst and IT roles.<strong>Completed<\/strong><\/td>\n<\/tr>\n<tr>\n<td width=\"10%\">2021 \u2013 2022.<\/td>\n<td colspan=\"2\" width=\"39%\">Ziraat Bank, Corporate Customers Smart Solutions.<\/td>\n<td width=\"50%\">Providing special machine learning and data manipulation \/ visualization, testing models for more than 80 problems, including customer churn, product recommendation,\u00a0 next best action etc. for the corporate customers of Ziraat Bankas\u0131 <strong>Completed<\/strong><\/td>\n<\/tr>\n<tr>\n<td width=\"10%\">Feb. 2022<\/td>\n<td colspan=\"2\" width=\"39%\">Turk Rekabet Kurumu (Turkish Competition Authority)<\/td>\n<td width=\"50%\">End-to-End machine learning course for Data Analytics. <strong>Completed<\/strong><\/td>\n<\/tr>\n<tr>\n<td width=\"10%\">2021- 2022<\/td>\n<td colspan=\"2\" width=\"39%\">Ziraat Bank, Smart Performance and Target System.<\/td>\n<td width=\"50%\">A smart performance tracking and target calculation system for all branches and portfolio managers of Ziraat Bankas\u0131.<strong> Completed<\/strong><\/td>\n<\/tr>\n<tr>\n<td width=\"10%\">2021 \u2013 2022.<\/td>\n<td colspan=\"2\" width=\"39%\">Smart Web Scrapping \u2013 Unification \/ Matching Engine<\/td>\n<td width=\"50%\">Multi purpose generic web crawling and data gathering tool with unification and matching background. Project mainly developed for retail industry, now under tests for Mass Production, Import\/Export, Customer Acquisition\/Matching and\u00a0 Tourism Industries. <strong>Completed<\/strong><\/td>\n<\/tr>\n<tr>\n<td width=\"10%\">2021 \u2013 2022.<\/td>\n<td colspan=\"2\" width=\"39%\">Logo Software \/ Logo Diva<\/td>\n<td width=\"50%\">Smart campaign management, customer, product monitoring and segmentation tool. POC <strong>Completed<\/strong>. Business development is on going.<\/p>\n<p>Replenishment Management for FMCG companies: Predictive Analytics.<\/td>\n<\/tr>\n<tr>\n<td width=\"10%\">2018 \u2013 2023.<\/td>\n<td colspan=\"2\" width=\"39%\">OptiMatcher<\/td>\n<td width=\"50%\">A generic AI-Engine, which supports matching, resource allocation and recommendation services. Mainly deployed as recommendation engine on customer site. Since 2021, the project is supported by Turkish National Science Foundation (T\u00dcB\u0130TAK) as a <strong>1507 TEYDEB<\/strong>project.<\/td>\n<\/tr>\n<tr>\n<td width=\"10%\">Dec. 2021<\/td>\n<td colspan=\"2\" width=\"39%\">Deniz Bank<\/td>\n<td width=\"50%\">Deep Learning Training<\/td>\n<\/tr>\n<tr>\n<td width=\"10%\">2020 \u2013 2022.<\/td>\n<td colspan=\"2\" width=\"39%\">Ziraat Technology Talent Management Department.<\/td>\n<td width=\"50%\">End-to-End Data Analytics Training, including Machine Learning, Data Science, Data Visualization, Statistics and Mathematics Foundations, SQL, Deep Learning.<\/td>\n<\/tr>\n<tr>\n<td width=\"10%\">2021-2022.<\/td>\n<td colspan=\"2\" width=\"39%\">REM People<\/td>\n<td width=\"50%\">Development of performance prediction and target models for sales points for Anadolu Holding Beverages. <strong>Completed<\/strong><\/p>\n<p>Development of Marketing Mix Model for Nestle Group, project stopped. Development of time series analysis for demand prediction for Kraft Middle East. POC <strong>Completed<\/strong>.<\/td>\n<\/tr>\n<tr>\n<td width=\"10%\">2020 \u20132021<\/td>\n<td colspan=\"2\" width=\"39%\">Turkcell AutoML Engine Project<\/td>\n<td width=\"50%\">Providing AutoML solutions for network operations based on field-data and external data. <strong>Completed<\/strong><\/td>\n<\/tr>\n<tr>\n<td width=\"10%\">Dec 2020 \u2013 2021<\/td>\n<td colspan=\"2\" width=\"39%\">Rixos and Accor Hotels<\/td>\n<td width=\"50%\">Customer Journey\/Experience Analysis. Determining\/optimizing the touch points, and providing predictive\/prescriptive analytics for CXA, by using OWCJA.<\/p>\n<p><strong>Completed<\/strong><\/td>\n<\/tr>\n<tr>\n<td width=\"10%\">Jun 2020 &#8211; 2022<\/td>\n<td colspan=\"2\" width=\"39%\">Related Digitals, EuroMessage, VisiLabs+ , Insight and Recommender Engine<\/td>\n<td width=\"50%\">Providing cutting-edge AI-Engines for streaming web analytics and \u2018send-time optimization\u2019, \u2018predicitive segmentation\u2019, \u2018product recommendation\u2019, with <strong>OptiMatcher , <\/strong><strong>Completed<\/strong><\/td>\n<\/tr>\n<tr>\n<td width=\"10%\">Mar 2020 \u2013 Cont.<\/td>\n<td colspan=\"2\" width=\"39%\">KolayAI<\/td>\n<td width=\"50%\">SME focused, self-service AI solutions on SaaS platform. Available on kolay.ai or www.kolayai.com , Since 2021 the project is supported by Turkish National Science Foundation (T\u00dcB\u0130TAK) as a <strong>1507 TEYDEB<\/strong> project.<\/td>\n<\/tr>\n<tr>\n<td width=\"10%\">Jan 2020 \u2013 2022<\/td>\n<td colspan=\"2\" width=\"39%\">OptiWisdom Customer Journey Analysis (OWCJA)<\/td>\n<td width=\"50%\">Predictive and prescriptive analytics on customer \/ process journey. Available on www.owcja.com<\/p>\n<p><strong>Completed<\/strong><\/td>\n<\/tr>\n<tr>\n<td width=\"10%\">Nov 2019 \u2013 2022.<\/td>\n<td colspan=\"2\" width=\"39%\">DeepMetrica<\/td>\n<td width=\"50%\">Web analytics tool for screen recording of web-site visitors and providing explainable insights to the web-masters by using AI-engines.<\/p>\n<p><strong>Spin-off:<\/strong> Founded the company: MeasurAI<\/p>\n<p>Since 2020, the project is supported by Turkish National Science Foundation (T\u00dcB\u0130TAK) as a <strong>1507 TEYDEB<\/strong>project.<\/td>\n<\/tr>\n<tr>\n<td width=\"10%\">Feb. 2019<\/td>\n<td colspan=\"2\" width=\"39%\">\u0130\u015f Bankas\u0131<\/td>\n<td width=\"50%\">Data Analytics training for Is Bank Customer Relationship and Analytics with Knime<\/td>\n<\/tr>\n<tr>\n<td width=\"10%\">Sep 2019 \u2013 2023.<\/td>\n<td colspan=\"2\" width=\"39%\">XchangeWiser<\/td>\n<td width=\"50%\">Financial Robo-Advisor, Providing Financial Analytics with AI, powered by <strong>OptiScorer<\/strong>. Available on www.xchangewiser.com<\/td>\n<\/tr>\n<tr>\n<td width=\"10%\">Nov 2018 \u2013 2023.<\/td>\n<td colspan=\"2\" width=\"39%\">OptiSegment<\/td>\n<td width=\"50%\">AutoML based segmentation engine. Since Jun 2019 it is funded by The Scientific and Technological Research Council of Turkey (TUBITAK) \u2013 1507 with project number: 7190398. The project development is <strong>completed<\/strong>, business development is still on going.<\/td>\n<\/tr>\n<tr>\n<td width=\"10%\">Jun 2018 \u2013 2019.<\/td>\n<td colspan=\"2\" width=\"39%\">\u0130stanbul Su Kanal \u0130daresi (\u0130SK\u0130)<\/p>\n<p>(Istanbul Sewer and Water Administration)<\/td>\n<td width=\"50%\">Creating Big Data Platform and Big Data Analytics for Water Quality, Consumption Predictions, and Profiling Illegal Users and Fraud, <strong>Completed<\/strong><\/td>\n<\/tr>\n<tr>\n<td width=\"10%\">Apr 2018 \u2013 2019.<\/td>\n<td colspan=\"2\" width=\"39%\">ETS Tur , leading company in Tourism<\/td>\n<td width=\"50%\">Scoring Customers and Hotels for advertisments and notifications on big data platform, <strong>Completed<\/strong><\/td>\n<\/tr>\n<tr>\n<td width=\"10%\">May 2018 \u2013 2019.<\/td>\n<td colspan=\"2\" width=\"39%\">Turkcell<\/td>\n<td width=\"50%\">Leaded AI-Research collaborated with EVAM. Up Sell \/ cross sell models for customers, <strong>Completed<\/strong><\/td>\n<\/tr>\n<tr>\n<td width=\"10%\">Nov 2017 \u2013 2023.<\/td>\n<td colspan=\"2\" width=\"39%\">OptiScorer<\/td>\n<td width=\"50%\">Multi purpose, scoring engine with Responsible AI, Explainable AI and AutoML technologies. Since Dec 2019, project forked to a self-service SaaS solution under name OptiScorer End-to-End (OSe2e) under kolay.ai project.<\/td>\n<\/tr>\n<tr>\n<td width=\"10%\">Nov 2017 \u2013 2019<\/td>\n<td colspan=\"2\" width=\"39%\">ACI (Affiliated Creditors Incorporated) , Collection agency based on Nashville, TN, US<\/td>\n<td width=\"50%\">Scoring for debt collection. <strong>Completed<\/strong> and available project name now is CollectWiser.<\/td>\n<\/tr>\n<tr>\n<td width=\"10%\">Nov 2017 \u2013 2021.<\/td>\n<td colspan=\"2\" width=\"39%\">Akil YMM<\/td>\n<td width=\"50%\">AI Based auditing system for financial fraud.<\/p>\n<p><strong>Spin-off<\/strong> : Founded company AutoAudit in 2020.<\/td>\n<\/tr>\n<tr>\n<td colspan=\"2\" width=\"10%\">Jan 2017 \u2013 2021.<\/td>\n<td width=\"39%\">MLMatch, now continues as OptiMatcher<\/td>\n<td width=\"50%\">A Framework for auto Matching Machine Learning Problems with Machine Learning Algorithms and Techniqes. Project is now launched under the name <strong>OptiMatcher<\/strong>.<\/td>\n<\/tr>\n<tr>\n<td colspan=\"2\" width=\"10%\">2019<\/td>\n<td width=\"39%\">Arvato CRM<\/td>\n<td width=\"50%\">Data Preprocessing and ETL Processes on Knime for 1 week, <strong>Completed<\/strong><\/td>\n<\/tr>\n<tr>\n<td colspan=\"2\" width=\"10%\">2019<\/td>\n<td width=\"39%\">EnerjiSA, AYEDA\u015e<\/td>\n<td width=\"50%\">Machine Learning Programming with Python, for 2 weeks, <strong>Completed<\/strong><\/td>\n<\/tr>\n<tr>\n<td colspan=\"2\" width=\"10%\">2018<\/td>\n<td width=\"39%\">Albaraka Turk<\/td>\n<td width=\"50%\">Machine Learning and Business Analytics Course for 1 month, <strong>Completed<\/strong><\/td>\n<\/tr>\n<tr>\n<td colspan=\"2\" width=\"10%\">2018<\/td>\n<td width=\"39%\">Participation Banks Association of Turkey<\/td>\n<td width=\"50%\">Machine Learning and Business Analytics course for 1 week, <strong>Completed<\/strong><\/td>\n<\/tr>\n<tr>\n<td colspan=\"2\" width=\"10%\">2017<\/td>\n<td width=\"39%\">Vodafone Turkey<\/td>\n<td width=\"50%\">Apache Cassandra and Big Data transformation <strong>Completed<\/strong><\/td>\n<\/tr>\n<tr>\n<td colspan=\"2\" width=\"10%\">2016 &#8211; 2017<\/td>\n<td width=\"39%\">Vodafone Turkey<\/td>\n<td width=\"50%\">Data Mining and Machine Learning Training program prepared and delivered to several project groups working on big data, smart home, CRM, customer churn analysis, campaign and promotions, marketing (courses prepared in 2016 and delivered in January 2017) <strong>Completed<\/strong><\/td>\n<\/tr>\n<tr>\n<td colspan=\"2\" width=\"10%\">2016<\/td>\n<td width=\"39%\">Kontra Digital Services<\/td>\n<td width=\"50%\">Developing and Optimizing advertisement recommendation system for mobile users. <strong>Completed<\/strong><\/td>\n<\/tr>\n<tr>\n<td colspan=\"2\" width=\"10%\">2015-2015<\/td>\n<td width=\"39%\">Havelsan Data Mining Project via Rapid Miner<\/td>\n<td width=\"50%\">Supported by Havelsan<strong>, Completed<\/strong><\/td>\n<\/tr>\n<tr>\n<td colspan=\"2\" width=\"10%\">2015 \u2013 2016<\/td>\n<td width=\"39%\">CicekSepeti.com ,<\/td>\n<td width=\"50%\">Developing a decision support system for e-trade platform to collect peripheral data and process sentimental analysis on big data environment (Spark + MLLib and Mahout) for ciceksepeti.com<\/p>\n<p>Supported by The Scientific and Technological Research Council of Turkey (TUBITAK) \u2013 1501 in collaboration with \u00c7i\u00e7ek Sepeti, Project No. 3150106<\/p>\n<p><strong>\u00a0Completed<\/strong><\/td>\n<\/tr>\n<tr>\n<td colspan=\"2\" width=\"10%\">2015 \u2013 2015<\/td>\n<td width=\"39%\">TUBITAK TUSSIDE (Gebze) Big Data Training Project<\/td>\n<td width=\"50%\">Supported by Turkish National Science Foundation TUSSIDE<strong>, Completed<\/strong><\/td>\n<\/tr>\n<tr>\n<td colspan=\"2\" width=\"10%\">2015 &#8211; 2015<\/td>\n<td width=\"39%\">TUBITAK TUSSIDE Database Training Project<\/td>\n<td width=\"50%\">\u00a0Supported by Turkish National Science Foundation TUSSIDE<strong>, Completed<\/strong><\/td>\n<\/tr>\n<tr>\n<td colspan=\"2\" width=\"10%\">2015 &#8211; 2016<\/td>\n<td width=\"39%\">Social Media Campaign<\/td>\n<td width=\"50%\">Supported by the Turkish Ministry of Youth and Sports<strong>, Completed<\/strong><\/td>\n<\/tr>\n<tr>\n<td colspan=\"2\" width=\"10%\">2013 -2016<\/td>\n<td width=\"39%\">Social Web Mining and Business Intelligence<\/td>\n<td width=\"50%\">Supported by Istanbul Medeniyet University, Research Projects Department under project number SBA-2014-438<strong>, Completed<\/strong><\/td>\n<\/tr>\n<tr>\n<td colspan=\"2\" width=\"10%\">2013 \u2013 2014<\/td>\n<td width=\"39%\">Web based Reputation Index<\/td>\n<td width=\"50%\">Supported by Istanbul Medeniyet University, Research Projects Department under project number SUY-2013-450<strong>, Completed<\/strong><\/td>\n<\/tr>\n<tr>\n<td colspan=\"2\" width=\"10%\">2013<\/td>\n<td width=\"39%\">The Impact of Employment Web Sites\u2019 Traffic on Unemployment: A Cross Country Comparison<\/td>\n<td width=\"50%\">Supported by Istanbul Medeniyet University, Research Projects Department under project number SUY-2013-437<strong>, Completed<\/strong><\/td>\n<\/tr>\n<tr>\n<td colspan=\"2\" width=\"10%\">2012 \u2013 2013<\/td>\n<td width=\"39%\">Stream Mining Analysis on Blogs and Web Comments<\/td>\n<td width=\"50%\">University of Texas at Dallas, computer science department, Supported by Turkish Higher Education Council, Post-Doc research support<strong>, Completed<\/strong><\/td>\n<\/tr>\n<tr>\n<td colspan=\"2\" width=\"10%\">2013<\/td>\n<td width=\"39%\">Sentimental Analysis on Streaming Blogs and Twitter<\/td>\n<td width=\"50%\">at University of Texas at Dallas, computer science department, Supported by Supported by Turkish Higher Education Council Post-Doc research support<strong>, Completed<\/strong><\/td>\n<\/tr>\n<tr>\n<td colspan=\"2\" width=\"10%\">2012 \u2013 2013<\/td>\n<td width=\"39%\">Economy news and stock market correlation for Turkey<\/td>\n<td width=\"50%\">at University of Texas at Dallas, computer science department, Supported by Supported by Turkish Higher Education Council Post-Doc research support<strong>, Completed<\/strong><\/td>\n<\/tr>\n<tr>\n<td colspan=\"2\" width=\"10%\">2012 \u2013 2013<\/td>\n<td width=\"39%\">Data Mining Applications on Engineering Problems<\/td>\n<td width=\"50%\">Supported by Istanbul University Research Project Department under project number YADOP 27254<strong>, Completed<\/strong><\/td>\n<\/tr>\n<tr>\n<td colspan=\"2\" width=\"10%\">2012 \u2013 2013<\/td>\n<td width=\"39%\">Solving Statistical Optimisation Problems via Artificial Intelligence<\/td>\n<td width=\"50%\">Supported by Istanbul University Research Project Department under project number UDP 24502<strong>, Completed<\/strong><\/td>\n<\/tr>\n<tr>\n<td colspan=\"2\" width=\"10%\">2012 \u2013 2012<\/td>\n<td width=\"39%\">Post Doctoral Research<\/td>\n<td width=\"50%\">Supported by Higher Education Council of Turkey (Y\u00d6K)<strong>, Completed<\/strong><\/td>\n<\/tr>\n<tr>\n<td colspan=\"2\" width=\"10%\">2012 \u2013 2012<\/td>\n<td width=\"39%\">Estimation of Elastic Modulus of Intact Rocks by Artificial Neural Network<\/td>\n<td width=\"50%\">Supported by Istanbul University Research Project Department under project number BYP 23343<strong>, Completed<\/strong><\/td>\n<\/tr>\n<tr>\n<td colspan=\"2\" width=\"10%\">2011 \u2013 2012<\/td>\n<td width=\"39%\">Solving Statistical Optimisation Problems via Artificial Intelligence<\/td>\n<td width=\"50%\">Supported by Istanbul University Research Project Department under project number YADOP 16728<strong>, Completed<\/strong><\/td>\n<\/tr>\n<tr>\n<td colspan=\"2\" width=\"10%\">2006 \u2013 2008<\/td>\n<td width=\"39%\">LcWaikiki \u2013 TEMA Tekstil<\/td>\n<td width=\"50%\">Training and Testing the professional qualification of information technology department personal<strong>, Completed<\/strong><\/td>\n<\/tr>\n<tr>\n<td colspan=\"2\" width=\"10%\">2005<\/td>\n<td width=\"39%\">Payment Tracking and Budget Control Software<\/td>\n<td width=\"50%\">Eksioglu Insaat<strong>, Completed<\/strong><\/td>\n<\/tr>\n<tr>\n<td colspan=\"2\" width=\"10%\">2005 \u2013 2010<\/td>\n<td width=\"39%\">Temporal Logic Modelling for Turkish Natural Language<\/td>\n<td width=\"50%\">Department of Computer Engineering, Yildiz Technical University<strong>, Completed<\/strong><\/td>\n<\/tr>\n<tr>\n<td colspan=\"2\" width=\"10%\">2005 \u2013 2007<\/td>\n<td width=\"39%\">Turkish Speaking Search Engine (TuSSE)<\/td>\n<td width=\"50%\">PhD. Research Alterantive in Yildiz Technical Univeristy, Department of Computer Engineering<a href=\"http:\/\/www.shedai.net\/tusse\/\">http:\/\/www.shedai.net\/tusse\/<\/a><\/td>\n<\/tr>\n<tr>\n<td colspan=\"2\" width=\"10%\">2003 \u2013 2004<\/td>\n<td width=\"39%\">Social Impacts of Egovernment in Turkey<\/td>\n<td width=\"50%\">Istanbul Technical University, Institute of Social Sciences\u00a0<a href=\"http:\/\/www.shedai.net\/e-devlet\/egov.htm\">http:\/\/www.shedai.net\/e-devlet\/egov.htm<\/a><\/td>\n<\/tr>\n<tr>\n<td colspan=\"2\" width=\"10%\">2002 \u2013 2004<\/td>\n<td width=\"39%\">Student Registration System<\/td>\n<td width=\"50%\">Yeditepe University, department of Computer Science and Engineering<\/td>\n<\/tr>\n<tr>\n<td colspan=\"2\" width=\"10%\">2002 \u2013 2003<\/td>\n<td width=\"39%\">TuJA \u2013 Turkish Natural Language to JAVA<\/td>\n<td width=\"50%\">Yeditepe University, Department of Computer Science and Engineering\u00a0<a href=\"http:\/\/www.shedai.net\/~tuja\/\">http:\/\/www.shedai.net\/~tuja\/<\/a><\/td>\n<\/tr>\n<tr>\n<td colspan=\"2\" width=\"10%\">2000 \u2013 2004<\/td>\n<td width=\"39%\">Turkish Speaking Assistant TuSA<\/td>\n<td width=\"50%\">Yeditepe University, Department of Computer Science and Engineering, Artificial Intelligence Lab.\u00a0<a href=\"http:\/\/www.shedai.net\/tusa\/\">http:\/\/www.shedai.net\/tusa\/<\/a><\/td>\n<\/tr>\n<\/tbody>\n<\/table>\n<p>&nbsp;<\/p>\n","protected":false},"excerpt":{"rendered":"<p>Active research topics HermAI Hermeneutic Explainable Artificial Intelligence https:\/\/pypi.org\/project\/hermai\/ Hermai is a Python library for explainable AI (XAI) that focuses on providing contextual, narrative, and actionable explanations for machine learning models. Inspired by hermeneutics, it aims to create a dialogue between the user and the model&#8217;s decision-making process. Project is open source and the home page is : https:\/\/github.com\/bilgisayarkavramlari\/hermai CADelphi &hellip; <a href=\"https:\/\/sadievrenseker.com\/?page_id=266\">Continue Reading <span class=\"meta-nav\">&rarr;<\/span><\/a><\/p>\n","protected":false},"author":1,"featured_media":0,"parent":0,"menu_order":0,"comment_status":"closed","ping_status":"open","template":"","meta":{"footnotes":""},"class_list":["post-266","page","type-page","status-publish","hentry"],"_links":{"self":[{"href":"https:\/\/sadievrenseker.com\/index.php?rest_route=\/wp\/v2\/pages\/266","targetHints":{"allow":["GET"]}}],"collection":[{"href":"https:\/\/sadievrenseker.com\/index.php?rest_route=\/wp\/v2\/pages"}],"about":[{"href":"https:\/\/sadievrenseker.com\/index.php?rest_route=\/wp\/v2\/types\/page"}],"author":[{"embeddable":true,"href":"https:\/\/sadievrenseker.com\/index.php?rest_route=\/wp\/v2\/users\/1"}],"replies":[{"embeddable":true,"href":"https:\/\/sadievrenseker.com\/index.php?rest_route=%2Fwp%2Fv2%2Fcomments&post=266"}],"version-history":[{"count":16,"href":"https:\/\/sadievrenseker.com\/index.php?rest_route=\/wp\/v2\/pages\/266\/revisions"}],"predecessor-version":[{"id":2593,"href":"https:\/\/sadievrenseker.com\/index.php?rest_route=\/wp\/v2\/pages\/266\/revisions\/2593"}],"wp:attachment":[{"href":"https:\/\/sadievrenseker.com\/index.php?rest_route=%2Fwp%2Fv2%2Fmedia&parent=266"}],"curies":[{"name":"wp","href":"https:\/\/api.w.org\/{rel}","templated":true}]}}