{"id":134,"date":"2013-02-26T17:34:02","date_gmt":"2013-02-26T17:34:02","guid":{"rendered":"http:\/\/www.sadievrenseker.com\/wp\/wordpress\/?page_id=11"},"modified":"2019-04-15T10:32:05","modified_gmt":"2019-04-15T10:32:05","slug":"contact","status":"publish","type":"page","link":"https:\/\/sadievrenseker.com\/?page_id=134","title":{"rendered":"Contact"},"content":{"rendered":"<p>Web Page: http:\/\/www.sadievrenseker.com<\/p>\n<p>Email : web@sadievrenseker.com (Preferred, Please only use for personal communication, no advertisements, announcements or spams please)<\/p>\n<p>Linked in Profile:\u00a0<a href=\"https:\/\/www.linkedin.com\/in\/sadiseker\/\">https:\/\/www.linkedin.com\/in\/sadiseker\/<\/a><\/p>\n<p>AIS Net Profile: <a href=\"http:\/\/aisnet.org\/members\/?id=27701864\">http:\/\/aisnet.org\/members\/?id=27701864<\/a><\/p>\n<p>Research Gate : <a href=\"https:\/\/www.researchgate.net\/profile\/Sadi_Seker\">https:\/\/www.researchgate.net\/profile\/Sadi_Seker<\/a><\/p>\n<p>Academia : <a href=\"http:\/\/utdallas.academia.edu\/SadiEvrenSEKER\">http:\/\/utdallas.academia.edu\/SadiEvrenSEKER<\/a><\/p>\n<p>Facebook : <a href=\"https:\/\/www.facebook.com\/sadi.e.seker\">https:\/\/www.facebook.com\/sadi.e.seker<\/a><\/p>\n<p><a href=\"https:\/\/www.facebook.com\/sadievren.seker\">https:\/\/www.facebook.com\/sadievren.seker<\/a><\/p>\n<p>Foursquare : <a href=\"https:\/\/foursquare.com\/user\/45529144\">https:\/\/foursquare.com\/user\/45529144<\/a><\/p>\n<p>Twitter: <a href=\"https:\/\/twitter.com\/sadievrenseker\">https:\/\/twitter.com\/sadievrenseker<\/a><\/p>\n<p>Wikipedia : <a href=\"https:\/\/tr.wikipedia.org\/wiki\/Kullan\u0131c\u0131:Shedai\">https:\/\/tr.wikipedia.org\/wiki\/Kullan\u0131c\u0131:Shedai<\/a><\/p>\n<p>IEEE : sadi.e.seker [at] ieee.org<\/p>\n<p>AISNET: <a href=\"http:\/\/www.aisnet.org\/member\/sadi_evren_seker\">aisnet.org\/member\/sadi_evren_seker<\/a><\/p>\n<p>YouTube:<a href=\"https:\/\/www.youtube.com\/channel\/UCkkgrhDCJheXQNIFqUVw0_g\">Bilgisayar Kavramlar\u0131<\/a><\/p>\n<p>Address : \u0130stanbul Sehir\u00a0\u00dcniversitesi, \u0130\u015fletme B\u00f6l\u00fcm\u00fc,\u00a0Ku\u015fbak\u0131\u015f\u0131 Caddesi No: 27 34662<br \/>\nAltunizade &#8211; \u00dcsk\u00fcdar &#8211; \u0130stanbul<\/p>\n<p>Telefon: 0216 4444 034<\/p>\n<p>&nbsp;<\/p>\n","protected":false},"excerpt":{"rendered":"<p>Web Page: http:\/\/www.sadievrenseker.com Email : web@sadievrenseker.com (Preferred, Please only use for personal communication, no advertisements, announcements or spams please) Linked in Profile:\u00a0https:\/\/www.linkedin.com\/in\/sadiseker\/ AIS Net Profile: http:\/\/aisnet.org\/members\/?id=27701864 Research Gate : https:\/\/www.researchgate.net\/profile\/Sadi_Seker Academia : http:\/\/utdallas.academia.edu\/SadiEvrenSEKER Facebook : https:\/\/www.facebook.com\/sadi.e.seker https:\/\/www.facebook.com\/sadievren.seker Foursquare : https:\/\/foursquare.com\/user\/45529144 Twitter: https:\/\/twitter.com\/sadievrenseker Wikipedia : https:\/\/tr.wikipedia.org\/wiki\/Kullan\u0131c\u0131:Shedai IEEE : sadi.e.seker [at] ieee.org AISNET: aisnet.org\/member\/sadi_evren_seker YouTube:Bilgisayar Kavramlar\u0131 Address : \u0130stanbul Sehir\u00a0\u00dcniversitesi, \u0130\u015fletme B\u00f6l\u00fcm\u00fc,\u00a0Ku\u015fbak\u0131\u015f\u0131 &hellip; <a href=\"https:\/\/sadievrenseker.com\/?page_id=134\">Continue Reading <span class=\"meta-nav\">&rarr;<\/span><\/a><\/p>\n","protected":false},"author":1,"featured_media":0,"parent":0,"menu_order":0,"comment_status":"closed","ping_status":"open","template":"","meta":{"footnotes":""},"class_list":["post-134","page","type-page","status-publish","hentry"],"_links":{"self":[{"href":"https:\/\/sadievrenseker.com\/index.php?rest_route=\/wp\/v2\/pages\/134","targetHints":{"allow":["GET"]}}],"collection":[{"href":"https:\/\/sadievrenseker.com\/index.php?rest_route=\/wp\/v2\/pages"}],"about":[{"href":"https:\/\/sadievrenseker.com\/index.php?rest_route=\/wp\/v2\/types\/page"}],"author":[{"embeddable":true,"href":"https:\/\/sadievrenseker.com\/index.php?rest_route=\/wp\/v2\/users\/1"}],"replies":[{"embeddable":true,"href":"https:\/\/sadievrenseker.com\/index.php?rest_route=%2Fwp%2Fv2%2Fcomments&post=134"}],"version-history":[{"count":10,"href":"https:\/\/sadievrenseker.com\/index.php?rest_route=\/wp\/v2\/pages\/134\/revisions"}],"predecessor-version":[{"id":2207,"href":"https:\/\/sadievrenseker.com\/index.php?rest_route=\/wp\/v2\/pages\/134\/revisions\/2207"}],"wp:attachment":[{"href":"https:\/\/sadievrenseker.com\/index.php?rest_route=%2Fwp%2Fv2%2Fmedia&parent=134"}],"curies":[{"name":"wp","href":"https:\/\/api.w.org\/{rel}","templated":true}]}}